  {"id":26,"date":"2013-12-18T14:26:41","date_gmt":"2013-12-18T14:26:41","guid":{"rendered":"http:\/\/www.lancaster.ac.uk\/fass\/projects\/spatialhum.wordpress\/?page_id=26"},"modified":"2025-10-03T11:08:42","modified_gmt":"2025-10-03T11:08:42","slug":"publications","status":"publish","type":"page","link":"https:\/\/www.lancaster.ac.uk\/fass\/projects\/spatialhum.wordpress\/?page_id=26","title":{"rendered":"Publications"},"content":{"rendered":"<p><b><img loading=\"lazy\" decoding=\"async\" class=\"alignnone wp-image-280\" style=\"border: 2px solid black;\" src=\"http:\/\/www.lancaster.ac.uk\/fass\/projects\/spatialhum.wordpress\/wp-content\/uploads\/2013\/12\/books.jpg\" alt=\"Old books\" width=\"604\" height=\"126\" \/><\/b><\/p>\n<p><b>Books:<\/b><\/p>\n<p>Gregory I.N., DeBats D. and Lafreniere D. (2017) <em>The Routledge Handbook of Spatial History<\/em> Routledge: London<\/p>\n<p>Gregory I., Peniston-Bird C., Donnelly P. and Hughes M. (2017) <em>Lancaster: Remembering 1914-18<\/em> History Press: Stroud<\/p>\n<p>Cooper, D., Donaldson, C. and Murrieta-Flores, P. (2016) <i>Literary Mapping in the Digital Age<\/i>,\u00a0 Digital Research in the Arts and Humanities, Routledge: Abingdon.<\/p>\n<p>Gregory, I. and Geddes, A. (2014)\u00a0<em>Towards Spatial Humanities: Historical GIS and Spatial History<\/em>. Indiana University Press: Bloomington.<\/p>\n<p>&nbsp;<\/p>\n<p><b>Journal Special Issues:<\/b><b><br \/>\n<\/b><\/p>\n<p>Gregory, I.N.<span style=\"font-family: Calibri;\">, Donaldson, C., Murrieta-Flores, P. and Rayson, P. (2015, eds.)\u00a0<\/span><em>International Journal of Humanities and Arts Computing<\/em><span style=\"font-family: Calibri;\">, 9(1). Special issue on \u201cSpatial Humanities.\u201d See the<\/span><a href=\"http:\/\/www.euppublishing.com\/toc\/ijhac\/9\/1\"><span style=\"text-decoration: underline;\"><span style=\"font-family: Calibri;\"><span style=\"color: #0000ff;\">\u00a0<\/span><span style=\"color: #0000ff;\">IJHAC website<\/span><\/span><\/span><\/a><\/p>\n<p>&nbsp;<\/p>\n<p><b>Articles &amp; Book Chapters:<\/b><\/p>\n<p>Atkinson P., Francis B., Gregory I. and Porter C. (2017) \u201cPatterns of infant mortality in rural England and Wales, 1850-1910\u201d <em>Economic History Review<\/em>, 70, pp. 1268-1290.<\/p>\n<p>Atkinson P., Francis B., Gregory I. and Porter C. (2017) \u201cSpatial modelling of rural infant mortality and occupation in nineteenth-century Britain\u201d <em>Demographic Research<\/em>, 36, pp. 1337-1360.<\/p>\n<p>Atkinson P. and Gregory I. (2017) \u201cFinding child welfare in Victorian newspapers: an exercise in corpus-based discourse analysis\u201d <em>Journal of Interdisciplinary History,<\/em> 48, pp. 159-186<em>.<\/em><\/p>\n<p>Baker H., Gregory I., Hartmann D. and McEnery T. (2019) \u201cApplying Geographical Information Systems to researching historical corpora: Seventeenth-century prostitution\u201d Mahlberg, M. and Wiegand, V. (eds.) <em>Corpus Linguistics, Context and Culture<\/em>. Berlin: De Gruyter Mouton, 109-136.<\/p>\n<p>Butler J.O., Donaldson C.E., Taylor J.E. and Gregory I.N. (2017) \u201cAlts, Abbreviations, and AKAs: Historical onomastic variation and automated named entity recognition\u201d <em>Journal of Map and Geography Libraries<\/em>, 13, pp. 58-81<\/p>\n<p>Donaldson, C., Gregory, I.N. and Murrieta-Flores, P. (2015) &#8220;Mapping &#8216;Wordsworthshire&#8217;: A GIS study of literary tourism in Victorian England&#8221; <em>Journal of Victorian Culture<\/em>, 20, pp. 287-307.<\/p>\n<p>Donaldson, C., Bushell, S., Gregory, I.N., Taylor, J.E. and Rayson P. (2016) &#8220;Digital literary geography and the difficulties of locating &#8216;<em>Redgauntlet<\/em> Country'&#8221;\u00a0<em>Studies in Scottish Literature<\/em>, 42, pp. 174-183<\/p>\n<p>Donaldson C., Gregory I.N. and Taylor J.E. (2016) \u201cImplementing corpus analysis and GIS to examine historical accounts of the English Lake District\u201d in Bol P. (ed.) <em>Historical Atlases.<\/em>\u00a0North Asia History Foundation: Seoul, Korea. pp. 153-172<\/p>\n<p>Donaldson C., Gregory I.N. and Taylor J.E. (2017) \u201cLocating the beautiful, picturesque, sublime and majestic: Spatially analysing the application of aesthetic terminology in descriptions of the English Lake District\u201d <em>Journal of Historical Geography<\/em>, 56, pp. 43-60<\/p>\n<p>Gregory, I.N. and Cooper, D. (2013) &#8220;The interdisciplinary mapping of the past: Geographical technologies, history and texts&#8221;\u00a0<i>Journal of Victorian Culture<\/i>, 18, pp. 265-272.<\/p>\n<p>Gregory I.N. (2014) \u201cChallenges and opportunities for Digital History\u201d <em>Frontiers in Digital Humanities<\/em>, 1, pp. 1-2<\/p>\n<p>Gregory, I.N., Baron, A., Cooper, D., Hardie, A., Murrieta-Flores, P. and Rayson, P. (2014) &#8220;Crossing Boundaries: Using GIS in literary studies, history and beyond&#8221; In: Hueber J and Mendes da Silva (eds.) Keys for architectural history research in the digital era (Actes de colloquies &amp; livres en ligne) institute national D&#8217;Histoire de l&#8217;Art: Paris.<\/p>\n<p>Gregory, I.N. and Geddes, A. (2014) &#8220;From historical GIS to spatial humanities: challenges and opportunities&#8221;. Gregory, I. &amp; Geddes, A. (eds.). Indiana University Press: Bloomington, p. 172-185.<\/p>\n<p>Gregory, I.N. and Geddes, A. (2014) &#8220;From historical GIS to spatial humanities: deepening scholarship and broadening technology&#8221;. Gregory, I. &amp; Geddes, A. (eds.). Indiana University Press: Bloomington, p. ix-xix.<\/p>\n<p>Gregory, I.N., Cooper, D., Hardie, A. and Rayson, P. (2015). &#8220;Spatializing and analysing digital texts: Corpora, GIS and places&#8221; In: Bodenhamer D., Corrigan J. and Harris T. (eds.) Spatial Narratives and Deep Maps. Indiana University Press: Bloomington<\/p>\n<p>Gregory, I.N., Donaldson, C., Murrieta-Flores, P. and Rayson, P. (2015) &#8220;Geoparsing, GIS and textual analysis: Current developments in Spatial Humanities research&#8221;\u00a0<em>International Journal of Humanities and Arts Computing<\/em>, 9, pp. 1-14<\/p>\n<p>Gregory, I.N., Atkinson, P., Hardie, A., Joulain-Jay, A., Kershaw, D., Porter, C., Rayson, P. &amp; Rupp, C.J. (2016) &#8220;From digital resources to historical scholarship with the British Library 19th Century Newspaper Collection&#8221; <em>Journal of Siberian Federal University: Humanities and social sciences,\u00a0<\/em>9, pp. 994-1006<\/p>\n<p>Gregory I. and Donaldson C. (2016) \u201cGeographical Text Analysis: Digital cartographies of Lake District literature\u201d in Cooper D., Donaldson C.D. and Murrieta-Flores P. (eds.) <em>Literary Mapping in the Digital Age<\/em>, Routledge: Abingdon. pp. 67-87<\/p>\n<p>Gregory I.N. and Murrieta-Flores P. (2016) \u201cGeographical Information Systems as a tool for exploring the spatial humanities\u201d in Crompton C., Lane R.J. and Siemens R. (eds.) <em>Doing Digital Humanities: Practice, training, research<\/em>. Routledge: Abingdon. pp. 177-192<\/p>\n<p>Gregory I. and Peniston-Bird C. (2017) \u201cThe Second Battle of Ypres and a Northern English Town: Digital Humanities and the First World War\u201d in Gregory I.N., DeBats D. and Lafreniere D. (eds.) <em>The Routledge Handbook of Spatial History.<\/em> Routledge: London. pp. 567-586.<\/p>\n<p>Gregory I.N., Donaldson C., Hardie A. and Rayson P. (2018) \u201cModelling space and time in historical texts\u201d in Flanders J. and Jannidis F. (eds.) <em>Data Modelling in the Digital Humanities<\/em>. Routledge: London, pp. 133-149<\/p>\n<p>Hastings S., Gregory I.N. and Atkinson P. (2015) \u201cExplaining geographical variations in English rural infant mortality decline using place-centred reading\u201d <em>Historical Methods<\/em>, 48, pp. 128-140<\/p>\n<p>Lilley, K. and Porter, C. (2016) &#8220;GIS, Spatial Technologies and Digital Mapping.&#8221;\u00a0<em>In:<\/em> S. Gunn, and L. Faire, eds. <em>Research Methods for History.\u00a0<\/em>2<sup>nd<\/sup> Ed. Edinburgh: Edinburgh University Press.<\/p>\n<p>Murrieta-Flores, P., Baron, A., Gregory, I.N., Hardie, A. and Rayson, P. (2015) &#8220;Automatically analysing large texts in a GIS environment: The Registrar General\u2019s reports and cholera in the nineteenth century&#8221;\u00a0<em>Transactions in GIS,<\/em> 19, pp.296-320.<\/p>\n<p>Murrieta-Flores P. and Gregory I.N. (2015) \u201cFurther frontiers in GIS: Extending spatial analysis to textual sources in archaeology\u201d <em>Open Archaeology<\/em>, 1, pp. 166-175<\/p>\n<p>Murrieta-Flores P., Donaldson C. and Gregory I. (2017) \u201cGIS and Literary History: Advancing digital humanities research through the spatial analysis of historical travel writing and topographical literature\u201d <em>Digital Humanities Quarterly<\/em>, 11(1)<\/p>\n<p>Murrieta-Flores P. and Gregory I. (2018) \u201cCruzando fronteras en Humanidades Digitales: An\u00e1lisis Geogr\u00e1fico de Textos de inter\u00e9s hist\u00f3rico y arqueol\u00f3gico con Sistemas de Informaci\u00f3n Geogr\u00e1fica\u201d in Jim\u00e9nez-Badillo D. (ed.). <em>Arqueolog\u00eda Computacional. Nuevos enfoques para el an\u00e1lisis y la difusi\u00f3n del patrimonio cultural<\/em>. Instituto Nacional de Antropolog\u00eda e Historia (INAH): Mexico. pp. 199-211.<\/p>\n<p>Porter, C., Atkinson, P., Gregory, I.N. (2015) &#8220;Geographical Text Analysis: A new approach to understanding nineteenth-century mortality&#8221; <em>Health &amp; Place<\/em>, 36, pp.25-34<\/p>\n<div>\n<div><\/div>\n<div><b><a title=\"Conferences\" href=\"http:\/\/www.lancaster.ac.uk\/fass\/projects\/spatialhum.wordpress\/?page_id=82\">Conference Proceedings<\/a>:<\/b><\/div>\n<div><\/div>\n<p align=\"LEFT\">Chesnokova, O.,\u00a0Gregory I.N.\u00a0and Purves, R., &#8220;Comparing digital traces of modern travellers to journeys\u00a0of two 18th-19th century British poets&#8221;, GIScience 2016 Proceedings.<\/p>\n<p align=\"LEFT\">Donaldson C., Murrieta-Flores P. and Gregory I. (2016) \u201cDistant readings of the geographies in text corpora: Mapping Norman Nicholson\u2019s poems and letters.\u201d In <em>Proceedings of the Third Conference on Digital Humanities in Luxembourg with a Special Focus on Reading Historical Sources in the Digital Age<\/em>. Vol. 1681. CEUR Workshop Proceedings. Aachen: CEUR-WS.org <a href=\"http:\/\/ceur-ws.org\/Vol-1681\/donaldson_et_al_distant_reading_geographies.pdf\">http:\/\/ceur-ws.org\/Vol-1681\/donaldson_et_al_distant_reading_geographies.pdf<\/a><\/p>\n<p align=\"LEFT\">Porter C., Atkinson P. and Gregory I. (2015) \u201cCombining statistics and texts using GIS: 19<sup>th<\/sup> century health reports\u201d in Malleson N., Addis N., Durham H., Heppenstall A., Lovelace R., Norman P. and Oldroyd R. (eds.) <em>GISRUK 2015 Proceedings<\/em>, pp. 492-499<\/p>\n<p align=\"LEFT\">Rupp, C.J., Rayson, P., Gregory, I., Hardie, A., Joulain-Jay, A.T., and Hartmann, D. &#8220;Dealing with heterogeneous big data when geoparsing historical corpora&#8221;, Proceedings of the 2014 IEEE International Conference on Big data, p. 80-83.<\/p>\n<p align=\"LEFT\"><a href=\"http:\/\/www.lancaster.ac.uk\/fass\/projects\/spatialhum.wordpress\/wp-content\/uploads\/2013\/12\/06691671.pdf\" target=\"_blank\" rel=\"noopener\">Rupp, C.J.,\u00a0Rayson, P.,\u00a0Baron, A., Donaldson, C.,\u00a0Gregory, I.,\u00a0Hardie, A. and Murrieta-Flores, P., &#8220;Customising Geoparsing and Georeferencing for Historical Texts&#8221;, 2013 IEEE International Conference on Big Data, 6-9\/10\/13.<\/a><\/p>\n<p>Murrieta-Flores, P.,\u00a0Donaldson, C.,\u00a0Gregory, I.,\u00a0Rupp, C.J., Hardie, A. and Rayson, P. &#8220;GIS in the Humanities: Entering the Historical and Literary Dimensions&#8221;, <i>RGS-IBG Annual International Conference<\/i>, London, 29\/08\/13.<\/p>\n<p><a href=\"http:\/\/ucrel.lancs.ac.uk\/cl2013\/doc\/CL2013-ABSTRACT-BOOK.pdf\" target=\"_blank\" rel=\"noopener\">Donaldson, C.,\u00a0Rupp, C.J.,\u00a0Murrieta-Flores, P.,\u00a0Gregory, I.,\u00a0Hardie, A. and Rayson, P., \u201cIntegrating Corpus Linguistics and Spatial technologies for the analysis of Literature\u201d <i>Corpus Linguistics<\/i>, Lancaster, 26\/07\/13.<\/a><\/p>\n<p><a href=\"http:\/\/ucrel.lancs.ac.uk\/cl2013\/doc\/CL2013-ABSTRACT-BOOK.pdf\" target=\"_blank\" rel=\"noopener\">Murrieta-Flores, P.,\u00a0Baron, A.,\u00a0Gregory, I., Donaldson, C.,\u00a0Rupp, C.J.,\u00a0Hardie, A. and Rayson, P.,\u00a0\u201cGeographical Text Analysis: Mapping and spatially analysing corpora\u201d, <i>Corpus Linguistics<\/i>, Lancaster, 25\/07\/13.<\/a><\/p>\n<p>Gregory, I.,\u00a0Baron, A.,\u00a0Murrieta-Flores, P.,\u00a0Hardie, A., Rayson, P. and Rupp, C.J., &#8220;Geographical Text Analysis: GIS approaches to analysing large volumes of text&#8221;\u00a0<i>GIS Research UK<\/i>, Liverpool, 04\/04\/13.<\/p>\n<p><a href=\"http:\/\/www.lancaster.ac.uk\/fass\/projects\/spatialhum.wordpress\/wp-content\/uploads\/2013\/12\/GISRUK2013.pdf\" target=\"_blank\" rel=\"noopener\">Murrieta-Flores, P.,\u00a0Donaldson, C., Rupp, C.J.,\u00a0Cooper, D. and Gregory, I. &#8220;Digital Literary Geographies: A spatial analysis of Lake District landscape writings, 1750-1900&#8221;\u00a0<i>GIS Research UK<\/i>, Liverpool, 04\/04\/13. This won the prize for Best Poster at the conference.<\/a><\/p>\n<p>Murrieta-Flores, P.,\u00a0Cooper, D. and Gregory, I. &#8220;Spatial Humanities: Exploring and Analysing Texts within a GIS environment&#8221;, <i>Digital Humanities Congress<\/i>, Sheffield, 6-8\/09\/12.<\/p>\n<p><a href=\"http:\/\/eprints.lancs.ac.uk\/60271\/1\/RaysonEtAl_DHC.pdf\" target=\"_blank\" rel=\"noopener\">Rayson, P.,\u00a0Baron, A. \u00a0and Hardie, A. &#8220;Which \u2018Lancaster\u2019 do you mean? Disambiguation challenges in extracting place names for Spatial Humanities&#8221;, <i>Digital Humanities Congress<\/i>, Sheffield, 6-8\/09\/12.<\/a><\/p>\n<\/div>\n<p>&nbsp;<\/p>\n<p><strong>Press:<\/strong><\/p>\n<p>Joulain-Jay, A. &#8220;<a href=\"http:\/\/rs4vp.org\/corpus-linguistics-by-amelia-t-joulain-jay-lancaster-university-2\/\">Corpus Linguistics, and why you might want to use it, despite what (you think) you know about it<\/a>&#8220;, <em>RSVP Blog<\/em>, 26\/09\/2016.<\/p>\n<p>Joulain-Jay, A. &#8220;<a href=\"http:\/\/bit.ly\/2aqxLbf\">Dealing with Optical Character Recognition errors in Victorian newspapers<\/a>&#8220;, <em>British Library Digital Scholarship Blog<\/em>, 20\/07\/2016.<\/p>\n<p>Porter, C. &#8220;<a href=\"http:\/\/bit.ly\/2a1LYrd\">A temporal\u00a0&amp; spatial investigation of disease in 19th century British newspapers<\/a>&#8220;, <em>British Library Digital Scholarship Blog<\/em>, 08\/07\/2016.<\/p>\n<p>&nbsp;<\/p>\n<p>&nbsp;<\/p>\n<div>\n<p>\u00a9 Spatial Humanities: Texts, GIS &amp; Places<\/p>\n<\/div>\n","protected":false},"excerpt":{"rendered":"<p>Books: Gregory I.N., DeBats D. and Lafreniere D. (2017) The Routledge Handbook of Spatial History Routledge: London Gregory I., Peniston-Bird C., Donnelly P. and Hughes M. (2017) Lancaster: Remembering 1914-18 History Press: Stroud Cooper, D., Donaldson, C. and Murrieta-Flores, P. (2016) Literary Mapping in the Digital Age,\u00a0 Digital Research in the Arts and Humanities, Routledge: &hellip; <a href=\"https:\/\/www.lancaster.ac.uk\/fass\/projects\/spatialhum.wordpress\/?page_id=26\" class=\"more-link\">Continue reading <span class=\"screen-reader-text\">Publications<\/span> <span class=\"meta-nav\">&rarr;<\/span><\/a><\/p>\n","protected":false},"author":5,"featured_media":0,"parent":0,"menu_order":0,"comment_status":"open","ping_status":"open","template":"","meta":{"footnotes":""},"class_list":["post-26","page","type-page","status-publish","hentry"],"_links":{"self":[{"href":"https:\/\/www.lancaster.ac.uk\/fass\/projects\/spatialhum.wordpress\/index.php?rest_route=\/wp\/v2\/pages\/26","targetHints":{"allow":["GET"]}}],"collection":[{"href":"https:\/\/www.lancaster.ac.uk\/fass\/projects\/spatialhum.wordpress\/index.php?rest_route=\/wp\/v2\/pages"}],"about":[{"href":"https:\/\/www.lancaster.ac.uk\/fass\/projects\/spatialhum.wordpress\/index.php?rest_route=\/wp\/v2\/types\/page"}],"author":[{"embeddable":true,"href":"https:\/\/www.lancaster.ac.uk\/fass\/projects\/spatialhum.wordpress\/index.php?rest_route=\/wp\/v2\/users\/5"}],"replies":[{"embeddable":true,"href":"https:\/\/www.lancaster.ac.uk\/fass\/projects\/spatialhum.wordpress\/index.php?rest_route=%2Fwp%2Fv2%2Fcomments&post=26"}],"version-history":[{"count":68,"href":"https:\/\/www.lancaster.ac.uk\/fass\/projects\/spatialhum.wordpress\/index.php?rest_route=\/wp\/v2\/pages\/26\/revisions"}],"predecessor-version":[{"id":1659,"href":"https:\/\/www.lancaster.ac.uk\/fass\/projects\/spatialhum.wordpress\/index.php?rest_route=\/wp\/v2\/pages\/26\/revisions\/1659"}],"wp:attachment":[{"href":"https:\/\/www.lancaster.ac.uk\/fass\/projects\/spatialhum.wordpress\/index.php?rest_route=%2Fwp%2Fv2%2Fmedia&parent=26"}],"curies":[{"name":"wp","href":"https:\/\/api.w.org\/{rel}","templated":true}]}}